{"id":852,"date":"2019-03-26T20:05:00","date_gmt":"2019-03-26T20:05:00","guid":{"rendered":"http:\/\/restaurantemimargarita.com\/?page_id=852"},"modified":"2019-04-06T22:12:45","modified_gmt":"2019-04-06T22:12:45","slug":"eventos","status":"publish","type":"page","link":"https:\/\/restaurantemimargarita.com\/?page_id=852","title":{"rendered":"EVENTOS"},"content":{"rendered":"<p>[vc_row full_width=&#8221;stretch_row_content_no_spaces&#8221; video_bg=&#8221;yes&#8221; video_bg_url=&#8221;https:\/\/www.youtube.com\/watch?v=Cxv6StOhLY8&#8243; css=&#8221;.vc_custom_1553005572079{background-color: rgba(0,105,148,0.39) !important;*background-color: rgb(0,105,148) !important;}&#8221;][vc_column][vc_empty_space height=&#8221;45&#8243;][vc_empty_space height=&#8221;45&#8243;][vc_custom_heading text=&#8221;EVENTOS MI MARGARITA&#8221; font_container=&#8221;tag:h2|font_size:50|text_align:center|color:%23ffffff&#8221; use_theme_fonts=&#8221;yes&#8221; css=&#8221;.vc_custom_1553630763600{background-color: rgba(0,0,0,0.25) !important;*background-color: rgb(0,0,0) !important;}&#8221; el_class=&#8221;text-transform: none&#8221;][vc_single_image image=&#8221;631&#8243; img_size=&#8221;100&#215;80&#8243; alignment=&#8221;center&#8221;][vc_empty_space height=&#8221;45&#8243;][vc_empty_space height=&#8221;45&#8243;][\/vc_column][\/vc_row][vc_row full_width=&#8221;stretch_row&#8221; css=&#8221;.vc_custom_1548965897107{background-color: #006994 !important;}&#8221;][vc_column][vc_empty_space][\/vc_column][\/vc_row][vc_row full_width=&#8221;stretch_row&#8221; css=&#8221;.vc_custom_1553631775196{background-image: url(http:\/\/restaurantemimargarita.com\/wp-content\/uploads\/2019\/03\/white-wood-flooring-hr-full-resolution-preview-demo-textures-architecture-floors-parquet-texture-seamless-laminate-home-depot-e1553631744726.jpg?id=860) !important;}&#8221;][vc_column][vc_empty_space][vc_column_text]<span style=\"font-size: 14pt;\">Contamos con la infraestructura y experiencia que nos permite atender toda clase de eventos sociales y empresariales.<\/span><\/p>\n<p><span style=\"font-size: 14pt;\">Estamos en disposici\u00f3n de atender eventos hasta de 2.000 asistentes. Les ofrecemos un completo acompa\u00f1amiento para que su evento sea agradable y exitoso. <\/span><\/p>\n<p><span style=\"font-size: 14pt;\">Nuestras instalaciones cuentan con el Sal\u00f3n Rojo, un auditorio especialmente dise\u00f1ado para bautizos, grados, matrimonios, conferencias, seminarios, convenciones y lanzamiento de productos.<\/span>[\/vc_column_text][vc_empty_space][vc_separator border_width=&#8221;2&#8243;][vc_custom_heading text=&#8221;Eventos Corporativos&#8221; font_container=&#8221;tag:h2|font_size:35|text_align:left&#8221; google_fonts=&#8221;font_family:Alice%3Aregular|font_style:400%20regular%3A400%3Anormal&#8221;][vc_separator color=&#8221;custom&#8221; border_width=&#8221;2&#8243; accent_color=&#8221;#006994&#8243;][vc_empty_space height=&#8221;45px&#8221;][vc_column_text css_animation=&#8221;fadeInDown&#8221;]<\/p>\n<p style=\"text-align: justify;\"><span style=\"font-size: 14pt;\"><a href=\"http:\/\/restaurantemimargarita.com\/wp-content\/uploads\/2019\/04\/corporativo.jpg\"><img loading=\"lazy\" class=\"wp-image-931 alignleft\" src=\"http:\/\/restaurantemimargarita.com\/wp-content\/uploads\/2019\/04\/corporativo.jpg\" alt=\"\" width=\"688\" height=\"516\" srcset=\"https:\/\/restaurantemimargarita.com\/wp-content\/uploads\/2019\/04\/corporativo.jpg 1280w, https:\/\/restaurantemimargarita.com\/wp-content\/uploads\/2019\/04\/corporativo-300x225.jpg 300w, https:\/\/restaurantemimargarita.com\/wp-content\/uploads\/2019\/04\/corporativo-768x576.jpg 768w, https:\/\/restaurantemimargarita.com\/wp-content\/uploads\/2019\/04\/corporativo-1024x768.jpg 1024w, https:\/\/restaurantemimargarita.com\/wp-content\/uploads\/2019\/04\/corporativo-555x416.jpg 555w, https:\/\/restaurantemimargarita.com\/wp-content\/uploads\/2019\/04\/corporativo-1110x833.jpg 1110w, https:\/\/restaurantemimargarita.com\/wp-content\/uploads\/2019\/04\/corporativo-600x450.jpg 600w, https:\/\/restaurantemimargarita.com\/wp-content\/uploads\/2019\/04\/corporativo-1200x900.jpg 1200w\" sizes=\"(max-width: 688px) 100vw, 688px\" \/><\/a>En el Restaurante Mi Margarita puede encontrar un lugar amable, privado, con todas las comodidades y recursos para que su empresa logre presentaciones profesionales y de alta calidad. Contamos con recursos de amplificaci\u00f3n de sonido y proyecci\u00f3n audiovisual, adem\u00e1s de un c\u00f3modo parqueadero para 1.000 veh\u00edculos y una excelente ubicaci\u00f3n en el norte de Bogot\u00e1. Estamos en capacidad de ofrecer dise\u00f1o de ambientaci\u00f3n, escenograf\u00eda, shows, artistas, iluminaci\u00f3n, valet parking y edecanes.<\/span><\/p>\n<p style=\"text-align: justify;\"><span style=\"font-size: 14pt;\">Entre los eventos que hemos atendido encontramos convenciones, congresos, presentaci\u00f3n de productos o reuniones de trabajo.<strong>\u00a0<\/strong><\/span><\/p>\n<p>&nbsp;<\/p>\n<p style=\"text-align: justify;\"><span style=\"font-size: 14pt;\"><strong>DESPEDIDAS DE FIN DE A\u00d1O<\/strong><\/span><\/p>\n<p style=\"text-align: justify;\"><span style=\"font-size: 14pt;\">El fin de a\u00f1o es una momento especial para agradecer a sus empleados, socios, proveedores y colaboradores por el esfuerzo y logros conseguidos.<\/span><\/p>\n<p style=\"text-align: justify;\"><span style=\"font-size: 14pt;\">Lo invitamos a compartir esta fecha tan especial en nuestro restaurante con nuestro men\u00fa t\u00edpico colombiano y gran variedad de shows internacionales.<\/span><\/p>\n<p>[\/vc_column_text][vc_empty_space height=&#8221;45px&#8221;][vc_separator][\/vc_column][\/vc_row][vc_row full_width=&#8221;stretch_row&#8221; css=&#8221;.vc_custom_1553632257923{background-image: url(http:\/\/restaurantemimargarita.com\/wp-content\/uploads\/2019\/03\/white-wood-flooring-hr-full-resolution-preview-demo-textures-architecture-floors-parquet-texture-seamless-laminate-home-depot-e1553631744726.jpg?id=860) !important;}&#8221;][vc_column width=&#8221;1\/2&#8243;][vc_custom_heading text=&#8221;Eventos Familiares&#8221; font_container=&#8221;tag:h2|font_size:35|text_align:left&#8221; google_fonts=&#8221;font_family:Alice%3Aregular|font_style:400%20regular%3A400%3Anormal&#8221;][vc_column_text css_animation=&#8221;fadeInDown&#8221;]<\/p>\n<p style=\"text-align: justify;\">\n<p style=\"text-align: justify;\"><span style=\"font-size: 14pt;\"><strong>Fiestas infantiles tem\u00e1ticas:\u00a0<\/strong>Realizamos fiestas infantiles con temas como dinosaurios, conejos, Toy Story, vaqueros, princesas, Lazy Town y granja. Podemos adecuarnos al tema que el cliente desee. <\/span><\/p>\n<p style=\"text-align: justify;\"><span style=\"font-size: 14pt;\">Dentro de los platos ofrecidos para estas fiestas est\u00e1n las crispetas, fuente de chocolate, algod\u00f3n, pinchos, hamburguesas, croquetas de pollo, baby junior, pollo junior, cremas y sopas junior.<\/span><\/p>\n<p style=\"text-align: justify;\"><span style=\"font-size: 14pt;\"><strong>Cumplea\u00f1os:<\/strong>\u00a0Ofrecemos un plan de cumplea\u00f1os que incluye un paquete de decoraci\u00f3n con Manteleria, Globos en Helio, Confetis, Tarjeta personalizada, Poncho y sombrero O centro de mesa en flores. Adicionalmente nuestros meseros sorprender\u00e1n al festejado con el canto de Happy BirthDay.<\/span><\/p>\n<p style=\"text-align: justify;\"><span style=\"font-size: 14pt;\"><strong>Matrimonios:<\/strong>\u00a0Con una gran experiencia en este tipo de eventos, nos permitimos ofrecer para los novios e invitados carroza halada por caballos, arreglos florales, antorchas, lanzamiento de mariposas de colores, reposter\u00eda gourmet y men\u00fa gourmet especializado.<\/span><\/p>\n<p style=\"text-align: justify;\"><span style=\"font-size: 14pt;\">\u00a0<\/span><\/p>\n<p>[\/vc_column_text][vc_separator color=&#8221;custom&#8221; border_width=&#8221;2&#8243; accent_color=&#8221;#006994&#8243;][\/vc_column][vc_column width=&#8221;1\/2&#8243;][vc_single_image image=&#8221;864&#8243; img_size=&#8221;400px&#8221;][vc_empty_space height=&#8221;45px&#8221;][vc_single_image image=&#8221;862&#8243; img_size=&#8221;400px&#8221;][\/vc_column][\/vc_row]<\/p>\n","protected":false},"excerpt":{"rendered":"<p>[vc_row full_width=&#8221;stretch_row_content_no_spaces&#8221; video_bg=&#8221;yes&#8221; video_bg_url=&#8221;https:\/\/www.youtube.com\/watch?v=Cxv6StOhLY8&#8243; css=&#8221;.vc_custom_1553005572079{background-color: rgba(0,105,148,0.39) !important;*background-color: rgb(0,105,148) !important;}&#8221;][vc_column][vc_empty_space height=&#8221;45&#8243;][vc_empty_space height=&#8221;45&#8243;][vc_custom_heading text=&#8221;EVENTOS MI MARGARITA&#8221; font_container=&#8221;tag:h2|font_size:50|text_align:center|color:%23ffffff&#8221; use_theme_fonts=&#8221;yes&#8221; css=&#8221;.vc_custom_1553630763600{background-color: rgba(0,0,0,0.25) !important;*background-color: rgb(0,0,0) !important;}&#8221; el_class=&#8221;text-transform: none&#8221;][vc_single_image image=&#8221;631&#8243; img_size=&#8221;100&#215;80&#8243; alignment=&#8221;center&#8221;][vc_empty_space height=&#8221;45&#8243;][vc_empty_space height=&#8221;45&#8243;][\/vc_column][\/vc_row][vc_row full_width=&#8221;stretch_row&#8221; css=&#8221;.vc_custom_1548965897107{background-color: #006994 !important;}&#8221;][vc_column][vc_empty_space][\/vc_column][\/vc_row][vc_row full_width=&#8221;stretch_row&#8221; css=&#8221;.vc_custom_1553631775196{background-image: url(http:\/\/restaurantemimargarita.com\/wp-content\/uploads\/2019\/03\/white-wood-flooring-hr-full-resolution-preview-demo-textures-architecture-floors-parquet-texture-seamless-laminate-home-depot-e1553631744726.jpg?id=860) !important;}&#8221;][vc_column][vc_empty_space][vc_column_text]Contamos con la infraestructura y experiencia que nos permite atender toda clase de eventos sociales y empresariales. Estamos en disposici\u00f3n [&hellip;]<\/p>\n","protected":false},"author":1,"featured_media":0,"parent":0,"menu_order":7,"comment_status":"closed","ping_status":"closed","template":"","meta":[],"_links":{"self":[{"href":"https:\/\/restaurantemimargarita.com\/index.php?rest_route=\/wp\/v2\/pages\/852"}],"collection":[{"href":"https:\/\/restaurantemimargarita.com\/index.php?rest_route=\/wp\/v2\/pages"}],"about":[{"href":"https:\/\/restaurantemimargarita.com\/index.php?rest_route=\/wp\/v2\/types\/page"}],"author":[{"embeddable":true,"href":"https:\/\/restaurantemimargarita.com\/index.php?rest_route=\/wp\/v2\/users\/1"}],"replies":[{"embeddable":true,"href":"https:\/\/restaurantemimargarita.com\/index.php?rest_route=%2Fwp%2Fv2%2Fcomments&post=852"}],"version-history":[{"count":9,"href":"https:\/\/restaurantemimargarita.com\/index.php?rest_route=\/wp\/v2\/pages\/852\/revisions"}],"predecessor-version":[{"id":855,"href":"https:\/\/restaurantemimargarita.com\/index.php?rest_route=\/wp\/v2\/pages\/852\/revisions\/855"}],"wp:attachment":[{"href":"https:\/\/restaurantemimargarita.com\/index.php?rest_route=%2Fwp%2Fv2%2Fmedia&parent=852"}],"curies":[{"name":"wp","href":"https:\/\/api.w.org\/{rel}","templated":true}]}}