{"id":843,"date":"2019-03-26T19:29:14","date_gmt":"2019-03-26T19:29:14","guid":{"rendered":"http:\/\/restaurantemimargarita.com\/?page_id=843"},"modified":"2019-05-03T14:05:35","modified_gmt":"2019-05-03T14:05:35","slug":"cursos-de-chalaneria","status":"publish","type":"page","link":"https:\/\/restaurantemimargarita.com\/?page_id=843","title":{"rendered":"CLASES DE CHALANER\u00cdA"},"content":{"rendered":"\t\t<div data-elementor-type=\"wp-post\" data-elementor-id=\"843\" class=\"elementor elementor-843 elementor-bc-flex-widget\" data-elementor-settings=\"[]\">\n\t\t\t\t\t\t<div class=\"elementor-inner\">\n\t\t\t\t\t\t\t<div class=\"elementor-section-wrap\">\n\t\t\t\t\t\t\t<section class=\"elementor-section elementor-top-section elementor-element elementor-element-7e3440b4 elementor-section-boxed elementor-section-height-default elementor-section-height-default\" data-id=\"7e3440b4\" data-element_type=\"section\">\n\t\t\t\t\t\t<div class=\"elementor-container elementor-column-gap-default\">\n\t\t\t\t\t\t\t<div class=\"elementor-row\">\n\t\t\t\t\t<div class=\"elementor-column elementor-col-100 elementor-top-column elementor-element elementor-element-1972eb21\" data-id=\"1972eb21\" data-element_type=\"column\">\n\t\t\t<div class=\"elementor-column-wrap elementor-element-populated\">\n\t\t\t\t\t\t\t<div class=\"elementor-widget-wrap\">\n\t\t\t\t\t\t<div class=\"elementor-element elementor-element-1616b367 elementor-widget elementor-widget-text-editor\" data-id=\"1616b367\" data-element_type=\"widget\" data-widget_type=\"text-editor.default\">\n\t\t\t\t<div class=\"elementor-widget-container\">\n\t\t\t\t\t\t\t\t<div class=\"elementor-text-editor elementor-clearfix\">\n\t\t\t\t<p>[vc_row full_width=&#8221;stretch_row_content_no_spaces&#8221; video_bg=&#8221;yes&#8221; video_bg_url=&#8221;https:\/\/www.youtube.com\/watch?v=jUDsu3tRWFM&amp;feature=youtu.be&#8221;][vc_column][vc_empty_space height=&#8221;45&#8243;][vc_empty_space height=&#8221;45&#8243;][vc_custom_heading text=&#8221;CLASES DE CHALANER\u00cdA&#8221; font_container=&#8221;tag:h2|font_size:50|text_align:justify|color:%23ffffff&#8221; use_theme_fonts=&#8221;yes&#8221; css=&#8221;.vc_custom_1553622768169{background-color: rgba(0,0,0,0.25) !important;*background-color: rgb(0,0,0) !important;}&#8221; el_class=&#8221;text-transform: none&#8221;][vc_single_image image=&#8221;631&#8243; img_size=&#8221;100&#215;80&#8243; alignment=&#8221;center&#8221;][vc_empty_space height=&#8221;45&#8243;][vc_empty_space height=&#8221;45&#8243;][\/vc_column][\/vc_row][vc_row full_width=&#8221;stretch_row&#8221; css=&#8221;.vc_custom_1548965897107{background-color: #006994 !important;}&#8221;][vc_column][vc_empty_space][\/vc_column][\/vc_row][vc_row full_width=&#8221;stretch_row&#8221; css=&#8221;.vc_custom_1553628750012{background-image: url(http:\/\/restaurantemimargarita.com\/wp-content\/uploads\/2019\/03\/woodtexture.jpg?id=787) !important;background-position: 0 0 !important;background-repeat: repeat !important;}&#8221;][vc_column][vc_empty_space height=&#8221;40px&#8221;][vc_custom_heading text=&#8221;Amor por la cultura equina&#8221; font_container=&#8221;tag:h2|font_size:45|text_align:center&#8221; google_fonts=&#8221;font_family:Alice%3Aregular|font_style:400%20regular%3A400%3Anormal&#8221;][vc_column_text]En\u00a0 el Restaurante Mi Margarita\u00a0 tenemos una tradici\u00f3n de mas de 100 a\u00f1os en la cr\u00eda y mercado de caballos.<\/p><p>Por la pista de la Hacienda han desfilado las razas de caballos mas importantes del mundo en diferentes modalidades, predominando los caballos criollos de paso fino colombiano, los ib\u00e9ricos, y los caballos frison de origen holand\u00e9s.[\/vc_column_text][vc_empty_space height=&#8221;60px&#8221;][vc_custom_heading text=&#8221;Clases de Chalaner\u00eda&#8221; font_container=&#8221;tag:h2|font_size:40|text_align:left&#8221; google_fonts=&#8221;font_family:Alice%3Aregular|font_style:400%20regular%3A400%3Anormal&#8221; css_animation=&#8221;fadeInDown&#8221;][vc_column_text css_animation=&#8221;fadeInDown&#8221;]Para los interesados en aprender a montar contamos con cursos de chalaner\u00eda colombiana y cursos de alta escuela.<\/p><p><strong>Chalaner\u00eda:<\/strong><br \/><a href=\"http:\/\/restaurantemimargarita.com\/wp-content\/uploads\/2019\/03\/caballos.jpg\"><img loading=\"lazy\" class=\"size-full wp-image-847 alignleft\" src=\"http:\/\/restaurantemimargarita.com\/wp-content\/uploads\/2019\/03\/caballos.jpg\" alt=\"\" width=\"400\" height=\"405\" srcset=\"https:\/\/restaurantemimargarita.com\/wp-content\/uploads\/2019\/03\/caballos.jpg 400w, https:\/\/restaurantemimargarita.com\/wp-content\/uploads\/2019\/03\/caballos-296x300.jpg 296w, https:\/\/restaurantemimargarita.com\/wp-content\/uploads\/2019\/03\/caballos-50x50.jpg 50w, https:\/\/restaurantemimargarita.com\/wp-content\/uploads\/2019\/03\/caballos-100x100.jpg 100w\" sizes=\"(max-width: 400px) 100vw, 400px\" \/><\/a>Es el arte de montar caballo de paso colombiano en cualquiera de sus andares (paso fino, trocha y galope, trocha pura, trote y galope), es tan aut\u00f3ctona como la cumbia, la cultura del caf\u00e9 o como el tejo.<\/p><p>En la Chalaner\u00eda o Equitaci\u00f3n Criolla se busca la perfecta conducci\u00f3n del caballo, donde el jinete y el ejemplar forman un equipo. La sincron\u00eda, coordinaci\u00f3n, t\u00e9cnica, compenetraci\u00f3n y sobre todo la afinidad entre el caballo y el jinete son las bases de este deporte, que d\u00eda a d\u00eda tiene m\u00e1s adeptos.<\/p><p>Las clases de Chalaner\u00eda se dictan de\u00a0martes a viernes de 10:00 a.m. a 5:00 p.m.\u00a0con una intensidad horaria de 1 hora al d\u00eda. Este curso se ofrece especialmente para ni\u00f1os desde los 5 a\u00f1os de edad o para adultos de cualquier edad. Informes:\u00a0676 0030.<\/p><p><strong>Alta escuela europea:<\/strong><br \/>La equitaci\u00f3n de alta escuela es una pr\u00e1ctica de caballer\u00eda de nuestra cultura y civilizaci\u00f3n occidental. Entre los movimientos de alta escuela europea se encuentra las levadas, posadas, tierra a tierra, piaffe o trote sobre si mismo y los llamados \u201caires\u201d sobre el suelo, ente los que se encuentran la parada, el paso atr\u00e1s y la serpentina, en la que el caballo salta en el aire y da cocees al mismo tiempo.<\/p><p>El objetivo primordial es lograr una empat\u00eda total con el jinete de manera tal que un leve sonido vocal, una suave apret\u00f3n de rodilla o tal\u00f3n, un ligero movimiento en las bridas o una palmadita cari\u00f1osa, es apenas suficiente para que el caballo entienda perfectamente lo que se le pide. Informes:\u00a0676 0030.[\/vc_column_text][vc_empty_space height=&#8221;60px&#8221;][vc_column_text css_animation=&#8221;fadeInDown&#8221;]<\/p><p style=\"text-align: center;\"><iframe loading=\"lazy\" src=\"https:\/\/www.youtube.com\/embed\/jUDsu3tRWFM\" width=\"100%\" height=\"480px\" frameborder=\"0\" allowfullscreen=\"allowfullscreen\"><span data-mce-type=\"bookmark\" style=\"display: inline-block; width: 0px; overflow: hidden; line-height: 0;\" class=\"mce_SELRES_start\">\ufeff<\/span><span data-mce-type=\"bookmark\" style=\"display: inline-block; width: 0px; overflow: hidden; line-height: 0;\" class=\"mce_SELRES_start\">\ufeff<\/span><\/iframe><\/p><p>[\/vc_column_text][vc_empty_space height=&#8221;60px&#8221;][\/vc_column][\/vc_row][vc_row][vc_column][vc_empty_space][\/vc_column][\/vc_row][vc_row][vc_column width=&#8221;1\/2&#8243;][vc_empty_space][vc_column_text]Si estas Interesado en nuestras clases escr\u00edbenos en este formulario o ll\u00e1manos al 676 0030 en Bogot\u00e1.[\/vc_column_text][vc_empty_space]<div role=\"form\" class=\"wpcf7\" id=\"wpcf7-f5-o1\" lang=\"es-ES\" dir=\"ltr\">\n<div class=\"screen-reader-response\"><\/div>\n<form action=\"\/index.php?rest_route=%2Fwp%2Fv2%2Fpages%2F843#wpcf7-f5-o1\" method=\"post\" class=\"wpcf7-form\" novalidate=\"novalidate\">\n<div style=\"display: none;\">\n<input type=\"hidden\" name=\"_wpcf7\" value=\"5\" \/>\n<input type=\"hidden\" name=\"_wpcf7_version\" value=\"5.1.1\" \/>\n<input type=\"hidden\" name=\"_wpcf7_locale\" value=\"es_ES\" \/>\n<input type=\"hidden\" name=\"_wpcf7_unit_tag\" value=\"wpcf7-f5-o1\" \/>\n<input type=\"hidden\" name=\"_wpcf7_container_post\" value=\"0\" \/>\n<input type=\"hidden\" name=\"g-recaptcha-response\" value=\"\" \/>\n<\/div>\n<p><label> Tu nombre (Requerido)<br \/>\n    <span class=\"wpcf7-form-control-wrap your-name\"><input type=\"text\" name=\"your-name\" value=\"\" size=\"40\" class=\"wpcf7-form-control wpcf7-text wpcf7-validates-as-required\" aria-required=\"true\" aria-invalid=\"false\" \/><\/span> <\/label><\/p>\n<p><label> Tu correo Electr\u00f3nico (Requerido)<br \/>\n    <span class=\"wpcf7-form-control-wrap your-email\"><input type=\"email\" name=\"your-email\" value=\"\" size=\"40\" class=\"wpcf7-form-control wpcf7-text wpcf7-email wpcf7-validates-as-required wpcf7-validates-as-email\" aria-required=\"true\" aria-invalid=\"false\" \/><\/span> <\/label><\/p>\n<p><label> Tu tel\u00e9fono (Requerido)<br \/>\n    <span class=\"wpcf7-form-control-wrap tel-613\"><input type=\"tel\" name=\"tel-613\" value=\"\" size=\"40\" class=\"wpcf7-form-control wpcf7-text wpcf7-tel wpcf7-validates-as-required wpcf7-validates-as-tel\" aria-required=\"true\" aria-invalid=\"false\" \/><\/span> <\/label><\/p>\n<p><label> Asunto<br \/>\n    <span class=\"wpcf7-form-control-wrap your-subject\"><input type=\"text\" name=\"your-subject\" value=\"\" size=\"40\" class=\"wpcf7-form-control wpcf7-text\" aria-invalid=\"false\" \/><\/span> <\/label><\/p>\n<p><label> Tu mensaje<br \/>\n    <span class=\"wpcf7-form-control-wrap your-message\"><textarea name=\"your-message\" cols=\"40\" rows=\"10\" class=\"wpcf7-form-control wpcf7-textarea\" aria-invalid=\"false\"><\/textarea><\/span> <\/label><\/p>\n<p><input type=\"submit\" value=\"Enviar\" class=\"wpcf7-form-control wpcf7-submit\" \/><\/p>\n<div class=\"wpcf7-response-output wpcf7-display-none\"><\/div><\/form><\/div>[vc_empty_space][\/vc_column][vc_column width=&#8221;1\/2&#8243;][vc_separator color=&#8221;custom&#8221; align=&#8221;align_left&#8221; border_width=&#8221;2&#8243; el_width=&#8221;90&#8243; accent_color=&#8221;#006994&#8243;][vc_column_text css_animation=&#8221;fadeInDown&#8221;]<\/p><h4><span style=\"color: #006994;\">Calle 222 # 46-03<\/span><\/h4><h4><span style=\"color: #006994;\">Tel\u00e9fono:\u00a06 76 00 30<\/span><\/h4><h4><span style=\"color: #006994;\">Bogot\u00e1 D.C. Colombia<\/span><\/h4><p>[\/vc_column_text][vc_empty_space][vc_separator color=&#8221;custom&#8221; align=&#8221;align_left&#8221; border_width=&#8221;2&#8243; el_width=&#8221;90&#8243; accent_color=&#8221;#006994&#8243;][vc_empty_space][vc_single_image image=&#8221;729&#8243; img_size=&#8221;full&#8221;][\/vc_column][\/vc_row]<\/p>\t\t\t\t\t<\/div>\n\t\t\t\t\t\t<\/div>\n\t\t\t\t<\/div>\n\t\t\t\t\t\t<\/div>\n\t\t\t\t\t<\/div>\n\t\t<\/div>\n\t\t\t\t\t\t\t\t<\/div>\n\t\t\t\t\t<\/div>\n\t\t<\/section>\n\t\t\t\t\t\t<\/div>\n\t\t\t\t\t\t<\/div>\n\t\t\t\t\t<\/div>\n\t\t","protected":false},"excerpt":{"rendered":"<p>[vc_row full_width=&#8221;stretch_row_content_no_spaces&#8221; video_bg=&#8221;yes&#8221; video_bg_url=&#8221;https:\/\/www.youtube.com\/watch?v=jUDsu3tRWFM&amp;feature=youtu.be&#8221;][vc_column][vc_empty_space height=&#8221;45&#8243;][vc_empty_space height=&#8221;45&#8243;][vc_custom_heading text=&#8221;CLASES DE CHALANER\u00cdA&#8221; font_container=&#8221;tag:h2|font_size:50|text_align:center|color:%23ffffff&#8221; use_theme_fonts=&#8221;yes&#8221; css=&#8221;.vc_custom_1556892227164{background-color: rgba(0,0,0,0.25) !important;*background-color: rgb(0,0,0) !important;}&#8221; el_class=&#8221;text-transform: none&#8221;][vc_single_image image=&#8221;631&#8243; img_size=&#8221;100&#215;80&#8243; alignment=&#8221;center&#8221;][vc_empty_space height=&#8221;45&#8243;][vc_empty_space height=&#8221;45&#8243;][\/vc_column][\/vc_row][vc_row full_width=&#8221;stretch_row&#8221; css=&#8221;.vc_custom_1548965897107{background-color: #006994 !important;}&#8221;][vc_column][vc_empty_space][\/vc_column][\/vc_row][vc_row full_width=&#8221;stretch_row&#8221; css=&#8221;.vc_custom_1553628750012{background-image: url(http:\/\/restaurantemimargarita.com\/wp-content\/uploads\/2019\/03\/woodtexture.jpg?id=787) !important;background-position: 0 0 !important;background-repeat: repeat !important;}&#8221;][vc_column][vc_empty_space height=&#8221;40px&#8221;][vc_custom_heading text=&#8221;Amor por la cultura equina&#8221; font_container=&#8221;tag:h2|font_size:45|text_align:center&#8221; google_fonts=&#8221;font_family:Alice%3Aregular|font_style:400%20regular%3A400%3Anormal&#8221;][vc_column_text]En\u00a0 el Restaurante Mi Margarita\u00a0 tenemos una tradici\u00f3n de mas de 100 [&hellip;]<\/p>\n","protected":false},"author":1,"featured_media":0,"parent":0,"menu_order":4,"comment_status":"closed","ping_status":"closed","template":"","meta":[],"_links":{"self":[{"href":"https:\/\/restaurantemimargarita.com\/index.php?rest_route=\/wp\/v2\/pages\/843"}],"collection":[{"href":"https:\/\/restaurantemimargarita.com\/index.php?rest_route=\/wp\/v2\/pages"}],"about":[{"href":"https:\/\/restaurantemimargarita.com\/index.php?rest_route=\/wp\/v2\/types\/page"}],"author":[{"embeddable":true,"href":"https:\/\/restaurantemimargarita.com\/index.php?rest_route=\/wp\/v2\/users\/1"}],"replies":[{"embeddable":true,"href":"https:\/\/restaurantemimargarita.com\/index.php?rest_route=%2Fwp%2Fv2%2Fcomments&post=843"}],"version-history":[{"count":25,"href":"https:\/\/restaurantemimargarita.com\/index.php?rest_route=\/wp\/v2\/pages\/843\/revisions"}],"predecessor-version":[{"id":1022,"href":"https:\/\/restaurantemimargarita.com\/index.php?rest_route=\/wp\/v2\/pages\/843\/revisions\/1022"}],"wp:attachment":[{"href":"https:\/\/restaurantemimargarita.com\/index.php?rest_route=%2Fwp%2Fv2%2Fmedia&parent=843"}],"curies":[{"name":"wp","href":"https:\/\/api.w.org\/{rel}","templated":true}]}}